{"id":37,"date":"2018-05-22T12:52:02","date_gmt":"2018-05-22T10:52:02","guid":{"rendered":"https:\/\/vzdelavanie.h5sms.sk\/?page_id=37"},"modified":"2018-09-05T22:16:25","modified_gmt":"2018-09-05T20:16:25","slug":"szs-zilina","status":"publish","type":"page","link":"https:\/\/dalsievzdelavanie.eu\/?page_id=37","title":{"rendered":"\u0160peci\u00e1lna z\u00e1kladn\u00e1 \u0161kola \u017dilina"},"content":{"rendered":"<figure id=\"attachment_137\" aria-describedby=\"caption-attachment-137\" style=\"width: 295px\" class=\"wp-caption alignleft\"><img decoding=\"async\" loading=\"lazy\" class=\"wp-image-137 size-medium\" src=\"https:\/\/dalsievzdelavanie.eu\/wp-content\/uploads\/2018\/06\/Logo-2.8-orezane-295x300.jpg\" alt=\"Logo \u0160peci\u00e1lnej z\u00e1kladnej \u0161koly a \u0160peci\u00e1lnej materskej \u0161koly v \u017diline\" width=\"295\" height=\"300\" srcset=\"https:\/\/dalsievzdelavanie.eu\/wp-content\/uploads\/2018\/06\/Logo-2.8-orezane-295x300.jpg 295w, https:\/\/dalsievzdelavanie.eu\/wp-content\/uploads\/2018\/06\/Logo-2.8-orezane-768x781.jpg 768w, https:\/\/dalsievzdelavanie.eu\/wp-content\/uploads\/2018\/06\/Logo-2.8-orezane.jpg 856w\" sizes=\"(max-width: 295px) 100vw, 295px\" \/><figcaption id=\"caption-attachment-137\" class=\"wp-caption-text\">logo \u0161koly<\/figcaption><\/figure>\n<p><strong>\u0160peci\u00e1lna z\u00e1kladn\u00e1 \u0161kola s materskou \u0161kolou, J. Vojta\u0161\u0161\u00e1ka 13, 010 01 \u017dilina<\/strong><\/p>\n<p><strong>\u00a0<\/strong><strong><em>\u0160peci\u00e1lna z\u00e1kladn\u00e1 \u0161kola<\/em><\/strong> na ulici J\u00e1na Vojta\u0161\u0161\u00e1ka v \u017diline za\u010dala svoju \u010dinnos\u0165 v\u00a0\u0161kolskom roku 1991\/1992. V\u00a0s\u00fa\u010dasnej dobe sa tu vzdel\u00e1va 108 \u017eiakov\u00a0 v 15-tich triedach. \u0160kola je vn\u00fatorne diferencovan\u00e1 v\u00a0z\u00e1vislosti od stup\u0148a ment\u00e1lneho postihnutia \u017eiakov v triedach od prv\u00e9ho po desiaty ro\u010dn\u00edk Na\u0161a \u0161kola bola \u00faspe\u0161n\u00e1 vo viacer\u00fdch projektoch, ktor\u00e9 vyhl\u00e1silo M\u0160 SR, mesto \u017dilina a V\u00daC \u2013 \u017dilinsk\u00fd samospr\u00e1vny kraj. V\u010faka z\u00edskan\u00fdm finan\u010dn\u00fdm prostriedkom sme zak\u00fapili mnoh\u00e9 modern\u00e9 u\u010debn\u00e9 pom\u00f4cky a\u00a0IKT. V\u00a0\u0161kole m\u00e1me men\u0161iu telocvi\u010d\u0148u, \u0161kolsk\u00fa kuchynku, kraj\u010d\u00edrsku, kovo a\u00a0drevo diel\u0148u. V\u00fdchovno vzdel\u00e1vac\u00ed proces realizujeme pod\u013ea \u0160kolsk\u00e9ho vzdel\u00e1vacieho programu ISCED I\u00a0od roku 2009 pod n\u00e1zvom <em>&#8222;Pom\u00f4\u017e mi, aby som to dok\u00e1zal s\u00e1m&#8220;.<\/em><\/p>\n<p><strong><em>\u0160kolsk\u00fd klub det\u00ed<\/em><\/strong> \u2013 mimo\u0161kolsk\u00e1 v\u00fdchovno vzdel\u00e1vacia \u010dinnos\u0165 je realizovan\u00e1 pod\u013ea nov\u00e9ho \u0161kolsk\u00e9ho vzdel\u00e1vacieho programu ISCED I pod n\u00e1zvom\u00a0<em>&#8222;Svet o\u010dami det\u00ed&#8220;.<\/em><\/p>\n<p><strong><em>\u0160peci\u00e1lna matersk\u00e1 \u0161kola<\/em><\/strong>\u00a0\u2013\u00a0poskytuje \u0161peci\u00e1lno-pedagogick\u00fa starostlivos\u0165 a\u00a0diagnostiku de\u0165om pred\u0161kolsk\u00e9ho veku s\u00a0ment\u00e1lnym, s viacn\u00e1sobn\u00fdm a\u00a0in\u00fdm postihnut\u00edm od troch do siedmych rokov. V\u00fdchovno vzdel\u00e1vac\u00ed proces realizuje od roku 2009 pod\u013ea \u0160kolsk\u00e9ho vzdel\u00e1vacieho programu ISCED 0 pod n\u00e1zvom &#8222;<em>\u0160\u0165astn\u00e9 deti&#8220;.<\/em><\/p>\n<p><strong><em>Centrum \u0161peci\u00e1lno pedagogick\u00e9ho poradenstva<\/em><\/strong>\u00a0\u2013\u00a0t\u00edm \u00f4smich odborn\u00edkov: psychop\u00e9di, somatop\u00e9d, logop\u00e9d, psychol\u00f3g, lie\u010debn\u00fd pedag\u00f3g, fyzioterapeut a\u00a0soci\u00e1lna pracovn\u00ed\u010dka zabezpe\u010duje komplexn\u00fa \u0161peci\u00e1lno-pedagogick\u00fa korekciu, reeduk\u00e1ciu, \u0161peci\u00e1lno-pedagogick\u00fa diagnostiku a\u00a0prognostiku, \u0161peci\u00e1lno-pedagogick\u00e9 intervencie vzh\u013eadom na individu\u00e1lne \u0161peci\u00e1lno-pedagogick\u00e9 potreby ment\u00e1lne postihnut\u00fdch det\u00ed a\u00a0viacn\u00e1sobne postihnut\u00fdch det\u00ed. Navrhuj\u00fa integr\u00e1ciu ment\u00e1lne postihnut\u00fdch \u017eiakov do z\u00e1kladn\u00fdch \u0161k\u00f4l a\u00a0spolupracuj\u00fa s\u00a0t\u00fdmito \u0161kolami, posudzuj\u00fa \u0161kolsk\u00fa zrelos\u0165 a\u00a0in\u00e9.<\/p>\n<p><a href=\"http:\/\/www.szsza.sk\" target=\"_blank\" rel=\"noopener\"><span style=\"text-decoration: underline;\">Webstr\u00e1nka \u0161koly<\/span><\/a><\/p>\n<style id=\"bwg-style-0\">    #bwg_container1_0 #bwg_container2_0 .bwg-container-0.bwg-standard-thumbnails {      width: 1254px;              justify-content: center;        margin:0 auto !important;              background-color: rgba(255, 255, 255, 0.00);            padding-left: 4px;      padding-top: 4px;      max-width: 100%;            }        #bwg_container1_0 #bwg_container2_0 .bwg-container-0.bwg-standard-thumbnails .bwg-item {    justify-content: flex-start;      max-width: 250px;          }    #bwg_container1_0 #bwg_container2_0 .bwg-container-0.bwg-standard-thumbnails .bwg-item a {       margin-right: 4px;       margin-bottom: 4px;    }    #bwg_container1_0 #bwg_container2_0 .bwg-container-0.bwg-standard-thumbnails .bwg-item0 {      padding: 0px;            background-color:rgba(255,255,255, 0.30);      border: 0px none #CCCCCC;      opacity: 1.00;      border-radius: 0;      box-shadow: ;    }    #bwg_container1_0 #bwg_container2_0 .bwg-container-0.bwg-standard-thumbnails .bwg-item1 img {      max-height: none;      max-width: none;      padding: 0 !important;    }         @media only screen and (min-width: 480px) {\t\t#bwg_container1_0 #bwg_container2_0 .bwg-container-0.bwg-standard-thumbnails .bwg-item1 img {\t\t\t-webkit-transition: all .3s; transition: all .3s;\t\t}\t\t#bwg_container1_0 #bwg_container2_0 .bwg-container-0.bwg-standard-thumbnails .bwg-item1 img:hover {\t\t\t-ms-transform: scale(1.08);\t\t\t-webkit-transform: scale(1.08);\t\t\ttransform: scale(1.08);\t\t}\t\t\t\t.bwg-standard-thumbnails .bwg-zoom-effect .bwg-zoom-effect-overlay {\t\t\t\t\t\tbackground-color:rgba(255,255,255, 0.3);\t\t}\t\t.bwg-standard-thumbnails .bwg-zoom-effect:hover img {\t\t\t-ms-transform: scale(1.08);\t\t\t-webkit-transform: scale(1.08);\t\t\ttransform: scale(1.08);\t\t}\t\t      }\t    #bwg_container1_0 #bwg_container2_0 .bwg-container-0.bwg-standard-thumbnails .bwg-item1 {      padding-top: 56%;    }        #bwg_container1_0 #bwg_container2_0 .bwg-container-0.bwg-standard-thumbnails .bwg-title1 {      position: absolute;      top: 0;      z-index: 100;      width: 100%;      height: 100%;      display: flex;      justify-content: center;      align-content: center;      flex-direction: column;      opacity: 0;    }\t      #bwg_container1_0 #bwg_container2_0 .bwg-container-0.bwg-standard-thumbnails .bwg-title2,    #bwg_container1_0 #bwg_container2_0 .bwg-container-0.bwg-standard-thumbnails .bwg-ecommerce2 {      color: #FFFFFF;      font-family: Ubuntu;      font-size: 16px;      font-weight: bold;      padding: 2px;      text-shadow: 0px 0px 0px #888888;      max-height: 100%;    }    #bwg_container1_0 #bwg_container2_0 .bwg-container-0.bwg-standard-thumbnails .bwg-thumb-description span {    color: #323A45;    font-family: Ubuntu;    font-size: 12px;    max-height: 100%;    word-wrap: break-word;    }    #bwg_container1_0 #bwg_container2_0 .bwg-container-0.bwg-standard-thumbnails .bwg-play-icon2 {      font-size: 32px;    }    #bwg_container1_0 #bwg_container2_0 .bwg-container-0.bwg-standard-thumbnails .bwg-ecommerce2 {      font-size: 19.2px;      color: #CCCCCC;    }    <\/style>    <div id=\"bwg_container1_0\"         class=\"bwg_container bwg_thumbnail bwg_thumbnails \"         data-right-click-protection=\"0\"         data-bwg=\"0\"         data-scroll=\"0\"         data-gallery-type=\"thumbnails\"         data-gallery-view-type=\"thumbnails\"         data-current-url=\"\/index.php?rest_route=%2Fwp%2Fv2%2Fpages%2F37\"         data-lightbox-url=\"https:\/\/dalsievzdelavanie.eu\/wp-admin\/admin-ajax.php?action=GalleryBox&#038;current_view=0&#038;gallery_id=1&#038;tag=0&#038;theme_id=1&#038;shortcode_id=10&#038;sort_by=order&#038;order_by=asc&#038;current_url=%2Findex.php%3Frest_route%3D%252Fwp%252Fv2%252Fpages%252F37\"         data-gallery-id=\"1\"         data-popup-width=\"800\"         data-popup-height=\"500\"         data-is-album=\"gallery\"         data-buttons-position=\"bottom\">      <div id=\"bwg_container2_0\">             <div id=\"ajax_loading_0\" class=\"bwg_loading_div_1\">      <div class=\"bwg_loading_div_2\">        <div class=\"bwg_loading_div_3\">          <div id=\"loading_div_0\" class=\"bwg_spider_ajax_loading\">          <\/div>        <\/div>      <\/div>    <\/div>            <form id=\"gal_front_form_0\"              class=\"bwg-hidden\"              method=\"post\"              action=\"#\"              data-current=\"0\"              data-shortcode-id=\"10\"              data-gallery-type=\"thumbnails\"              data-gallery-id=\"1\"              data-tag=\"0\"              data-album-id=\"0\"              data-theme-id=\"1\"              data-ajax-url=\"https:\/\/dalsievzdelavanie.eu\/wp-admin\/admin-ajax.php?action=bwg_frontend_data\">          <div id=\"bwg_container3_0\" class=\"bwg-background bwg-background-0\">                <div data-max-count=\"5\"         data-thumbnail-width=\"250\"         data-bwg=\"0\"         data-gallery-id=\"1\"         data-lightbox-url=\"https:\/\/dalsievzdelavanie.eu\/wp-admin\/admin-ajax.php?action=GalleryBox&amp;current_view=0&amp;gallery_id=1&amp;tag=0&amp;theme_id=1&amp;shortcode_id=10&amp;sort_by=order&amp;order_by=asc&amp;current_url=%2Findex.php%3Frest_route%3D%252Fwp%252Fv2%252Fpages%252F37\"         id=\"bwg_thumbnails_0\"         class=\"bwg-container-0 bwg-thumbnails bwg-standard-thumbnails bwg-container bwg-border-box\">            <div class=\"bwg-item\">        <a class=\"bwg-a  bwg_lightbox\"  data-image-id=\"4\" href=\"https:\/\/dalsievzdelavanie.eu\/wp-content\/uploads\/photo-gallery\/imported_from_media_libray\/IMG_7936.jpg\" data-elementor-open-lightbox=\"no\">                <div class=\"bwg-item0 \">          <div class=\"bwg-item1 bwg-zoom-effect\">            <div class=\"bwg-item2\">              <img class=\"skip-lazy bwg_standart_thumb_img_0 \"                   data-id=\"4\"                   data-width=\"\"                   data-height=\"\"                   data-src=\"https:\/\/dalsievzdelavanie.eu\/wp-content\/uploads\/photo-gallery\/imported_from_media_libray\/thumb\/IMG_7936.jpg\"                   src=\"https:\/\/dalsievzdelavanie.eu\/wp-content\/uploads\/photo-gallery\/imported_from_media_libray\/thumb\/IMG_7936.jpg\"                   alt=\"\u0160kolsk\u00e1 z\u00e1hrada\"                   title=\"\u0160kolsk\u00e1 z\u00e1hrada\" \/>            <\/div>            <div class=\"bwg-zoom-effect-overlay\">              <div class=\"bwg-title1\"><div class=\"bwg-title2\">\u0160kolsk\u00e1 z\u00e1hrada<\/div><\/div>                                        <\/div>          <\/div>        <\/div>                        <\/a>              <\/div>            <div class=\"bwg-item\">        <a class=\"bwg-a  bwg_lightbox\"  data-image-id=\"3\" href=\"https:\/\/dalsievzdelavanie.eu\/wp-content\/uploads\/photo-gallery\/imported_from_media_libray\/IMG_7933.jpg\" data-elementor-open-lightbox=\"no\">                <div class=\"bwg-item0 \">          <div class=\"bwg-item1 bwg-zoom-effect\">            <div class=\"bwg-item2\">              <img class=\"skip-lazy bwg_standart_thumb_img_0 \"                   data-id=\"3\"                   data-width=\"\"                   data-height=\"\"                   data-src=\"https:\/\/dalsievzdelavanie.eu\/wp-content\/uploads\/photo-gallery\/imported_from_media_libray\/thumb\/IMG_7933.jpg\"                   src=\"https:\/\/dalsievzdelavanie.eu\/wp-content\/uploads\/photo-gallery\/imported_from_media_libray\/thumb\/IMG_7933.jpg\"                   alt=\"Vchod do budovy\"                   title=\"Vchod do budovy\" \/>            <\/div>            <div class=\"bwg-zoom-effect-overlay\">              <div class=\"bwg-title1\"><div class=\"bwg-title2\">Vchod do budovy<\/div><\/div>                                        <\/div>          <\/div>        <\/div>                        <\/a>              <\/div>            <div class=\"bwg-item\">        <a class=\"bwg-a  bwg_lightbox\"  data-image-id=\"2\" href=\"https:\/\/dalsievzdelavanie.eu\/wp-content\/uploads\/photo-gallery\/imported_from_media_libray\/IMG_7922%20(1).jpg\" data-elementor-open-lightbox=\"no\">                <div class=\"bwg-item0 \">          <div class=\"bwg-item1 bwg-zoom-effect\">            <div class=\"bwg-item2\">              <img class=\"skip-lazy bwg_standart_thumb_img_0 \"                   data-id=\"2\"                   data-width=\"\"                   data-height=\"\"                   data-src=\"https:\/\/dalsievzdelavanie.eu\/wp-content\/uploads\/photo-gallery\/imported_from_media_libray\/thumb\/IMG_7922%20(1).jpg\"                   src=\"https:\/\/dalsievzdelavanie.eu\/wp-content\/uploads\/photo-gallery\/imported_from_media_libray\/thumb\/IMG_7922%20(1).jpg\"                   alt=\"Vchod do C\u0160PP\"                   title=\"Vchod do C\u0160PP\" \/>            <\/div>            <div class=\"bwg-zoom-effect-overlay\">              <div class=\"bwg-title1\"><div class=\"bwg-title2\">Vchod do C\u0160PP<\/div><\/div>                                        <\/div>          <\/div>        <\/div>                        <\/a>              <\/div>          <\/div>    <style>      \/*pagination styles*\/      #bwg_container1_0 #bwg_container2_0 .tablenav-pages_0 {\t\t\t\ttext-align: center;\t\t\t\tfont-size: 12px;\t\t\t\tfont-family: segoe ui;\t\t\t\tfont-weight: bold;\t\t\t\tcolor: #666666;\t\t\t\tmargin: 6px 0 4px;\t\t\t\tdisplay: block;      }      @media only screen and (max-width : 320px) {      #bwg_container1_0 #bwg_container2_0 .displaying-num_0 {     \t display: none;      }      }      #bwg_container1_0 #bwg_container2_0 .displaying-num_0 {\t\t\t\tfont-size: 12px;\t\t\t\tfont-family: segoe ui;\t\t\t\tfont-weight: bold;\t\t\t\tcolor: #666666;\t\t\t\tmargin-right: 10px;\t\t\t\tvertical-align: middle;      }      #bwg_container1_0 #bwg_container2_0 .paging-input_0 {\t\t\t\tfont-size: 12px;\t\t\t\tfont-family: segoe ui;\t\t\t\tfont-weight: bold;\t\t\t\tcolor: #666666;\t\t\t\tvertical-align: middle;      }      #bwg_container1_0 #bwg_container2_0 .tablenav-pages_0 a.disabled,      #bwg_container1_0 #bwg_container2_0 .tablenav-pages_0 a.disabled:hover,      #bwg_container1_0 #bwg_container2_0 .tablenav-pages_0 a.disabled:focus,\t\t\t#bwg_container1_0 #bwg_container2_0 .tablenav-pages_0 input.bwg_current_page {\t\t\t\tcursor: default;\t\t\t\tcolor: rgba(102, 102, 102, 0.5);      }      #bwg_container1_0 #bwg_container2_0 .tablenav-pages_0 a,      #bwg_container1_0 #bwg_container2_0 .tablenav-pages_0 input.bwg_current_page {\t\t\t\tcursor: pointer;\t\t\t\ttext-align: center;\t\t\t\tfont-size: 12px;\t\t\t\tfont-family: segoe ui;\t\t\t\tfont-weight: bold;\t\t\t\tcolor: #666666;\t\t\t\ttext-decoration: none;\t\t\t\tpadding: 3px 6px;\t\t\t\tmargin: 0;\t\t\t\tborder-radius: 0;\t\t\t\tborder-style: solid;\t\t\t\tborder-width: 1px;\t\t\t\tborder-color: #E3E3E3;\t\t\t\t\t\t\t\tbackground-color: rgba(255, 255, 255, 1.00);\t\t\t\tbox-shadow: 0;\t\t\t\ttransition: all 0.3s ease 0s;-webkit-transition: all 0.3s ease 0s;      }      <\/style>      <span class=\"bwg_nav_cont_0\">              <div class=\"tablenav-pages_0\">                  <\/div>                <input type=\"hidden\" id=\"page_number_0\" name=\"page_number_0\" value=\"1\" \/>      <script type=\"text\/javascript\">        if( jQuery('.bwg_nav_cont_0').length > 1 ) {          jQuery('.bwg_nav_cont_0').first().remove()        }        function spider_page_0(cur, x, y, load_more) {          if (typeof load_more == \"undefined\") {            var load_more = false;          }          if (jQuery(cur).hasClass('disabled')) {            return false;          }          var items_county_0 = 1;          switch (y) {            case 1:              if (x >= items_county_0) {                document.getElementById('page_number_0').value = items_county_0;              }              else {                document.getElementById('page_number_0').value = x + 1;              }              break;            case 2:              document.getElementById('page_number_0').value = items_county_0;              break;            case -1:              if (x == 1) {                document.getElementById('page_number_0').value = 1;              }              else {                document.getElementById('page_number_0').value = x - 1;              }              break;            case -2:              document.getElementById('page_number_0').value = 1;              break;\t\t\t\t\t\tcase 0:              document.getElementById('page_number_0').value = x;              break;            default:              document.getElementById('page_number_0').value = 1;          }          bwg_ajax('gal_front_form_0', '0', 'bwg_thumbnails_0', '0', '', 'gallery', 0, '', '', load_more, '', 1);        }                    jQuery('.first-page-0').on('click', function () {              spider_page_0(this, 1, -2, 'numeric');              return false;            });            jQuery('.prev-page-0').on('click', function () {              spider_page_0(this, 1, -1, 'numeric');              return false;            });            jQuery('.next-page-0').on('click', function () {              spider_page_0(this, 1, 1, 'numeric');              return false;            });            jQuery('.last-page-0').on('click', function () {              spider_page_0(this, 1, 2, 'numeric');              return false;            });        \t\t\t\t\/* Change page on input enter. *\/        function bwg_change_page_0( e, that ) {          if (  e.key == 'Enter' ) {            var to_page = parseInt(jQuery(that).val());            var pages_count = jQuery(that).parents(\".pagination-links\").data(\"pages-count\");            var current_url_param = jQuery(that).attr('data-url-info');            if (to_page > pages_count) {              to_page = 1;            }\t \t\t\t\t\t\t\t\t\t\t\t\tspider_page_0(this, to_page, 0, 'numeric');\t\t\t\t\t\t\treturn false;\t\t\t\t\t\t          }          return true;        }        jQuery('.bwg_load_btn_0').on('click', function () {            spider_page_0(this, 1, 1, true);            return false;        });      <\/script>      <\/span>                <\/div>        <\/form>        <style>          #bwg_container1_0 #bwg_container2_0 #spider_popup_overlay_0 {          background-color: #EEEEEE;          opacity: 0.60;          }          <\/style>        <div id=\"bwg_spider_popup_loading_0\" class=\"bwg_spider_popup_loading\"><\/div>        <div id=\"spider_popup_overlay_0\" class=\"spider_popup_overlay\" onclick=\"spider_destroypopup(1000)\"><\/div>        <input type=\"hidden\" id=\"bwg_random_seed_0\" value=\"258278394\">                <\/div>    <\/div>    <script>      if (document.readyState === 'complete') {        if( typeof bwg_main_ready == 'function' ) {          if ( jQuery(\"#bwg_container1_0\").height() ) {            bwg_main_ready(jQuery(\"#bwg_container1_0\"));          }        }      } else {        document.addEventListener('DOMContentLoaded', function() {          if( typeof bwg_main_ready == 'function' ) {            if ( jQuery(\"#bwg_container1_0\").height() ) {             bwg_main_ready(jQuery(\"#bwg_container1_0\"));            }          }        });      }    <\/script>    \n","protected":false},"excerpt":{"rendered":"<p>\u0160peci\u00e1lna z\u00e1kladn\u00e1 \u0161kola s materskou \u0161kolou, J. Vojta\u0161\u0161\u00e1ka 13, 010 01 \u017dilina \u00a0\u0160peci\u00e1lna z\u00e1kladn\u00e1 \u0161kola na ulici J\u00e1na Vojta\u0161\u0161\u00e1ka v \u017diline za\u010dala svoju \u010dinnos\u0165 v\u00a0\u0161kolskom roku 1991\/1992. V\u00a0s\u00fa\u010dasnej dobe sa tu vzdel\u00e1va 108 \u017eiakov\u00a0 v 15-tich triedach. \u0160kola je vn\u00fatorne <span class=\"readmore\"><a href=\"https:\/\/dalsievzdelavanie.eu\/?page_id=37\">Continue Reading &#8230;<\/a><\/span><\/p>\n","protected":false},"author":1,"featured_media":0,"parent":0,"menu_order":0,"comment_status":"closed","ping_status":"closed","template":"","meta":[],"_links":{"self":[{"href":"https:\/\/dalsievzdelavanie.eu\/index.php?rest_route=\/wp\/v2\/pages\/37"}],"collection":[{"href":"https:\/\/dalsievzdelavanie.eu\/index.php?rest_route=\/wp\/v2\/pages"}],"about":[{"href":"https:\/\/dalsievzdelavanie.eu\/index.php?rest_route=\/wp\/v2\/types\/page"}],"author":[{"embeddable":true,"href":"https:\/\/dalsievzdelavanie.eu\/index.php?rest_route=\/wp\/v2\/users\/1"}],"replies":[{"embeddable":true,"href":"https:\/\/dalsievzdelavanie.eu\/index.php?rest_route=%2Fwp%2Fv2%2Fcomments&post=37"}],"version-history":[{"count":16,"href":"https:\/\/dalsievzdelavanie.eu\/index.php?rest_route=\/wp\/v2\/pages\/37\/revisions"}],"predecessor-version":[{"id":214,"href":"https:\/\/dalsievzdelavanie.eu\/index.php?rest_route=\/wp\/v2\/pages\/37\/revisions\/214"}],"wp:attachment":[{"href":"https:\/\/dalsievzdelavanie.eu\/index.php?rest_route=%2Fwp%2Fv2%2Fmedia&parent=37"}],"curies":[{"name":"wp","href":"https:\/\/api.w.org\/{rel}","templated":true}]}}